{"id":123,"date":"2024-02-19T15:11:44","date_gmt":"2024-02-19T18:11:44","guid":{"rendered":"https:\/\/centrobrasileirointegrado.com.br\/mg\/?page_id=123"},"modified":"2024-02-19T15:13:22","modified_gmt":"2024-02-19T18:13:22","slug":"publicacoes-legais","status":"publish","type":"page","link":"https:\/\/centrobrasileirointegrado.com.br\/mg\/publicacoes-legais\/","title":{"rendered":"Publica\u00e7\u00f5es Legais"},"content":{"rendered":"\t\t<div data-elementor-type=\"wp-page\" data-elementor-id=\"123\" class=\"elementor elementor-123\" data-elementor-settings=\"{&quot;ha_cmc_init_switcher&quot;:&quot;no&quot;}\" data-elementor-post-type=\"page\">\n\t\t\t\t<div class=\"elementor-element elementor-element-63edc60 e-flex e-con-boxed e-con e-parent\" data-id=\"63edc60\" data-element_type=\"container\" data-e-type=\"container\" data-settings=\"{&quot;background_background&quot;:&quot;classic&quot;,&quot;_ha_eqh_enable&quot;:false}\">\n\t\t\t\t\t<div class=\"e-con-inner\">\n\t\t\t\t<div class=\"elementor-element elementor-element-af7b261 elementor-widget elementor-widget-heading\" data-id=\"af7b261\" data-element_type=\"widget\" data-e-type=\"widget\" data-widget_type=\"heading.default\">\n\t\t\t\t<div class=\"elementor-widget-container\">\n\t\t\t\t\t<h2 class=\"elementor-heading-title elementor-size-default\">Publica\u00e7\u00f5es<\/h2>\t\t\t\t<\/div>\n\t\t\t\t<\/div>\n\t\t\t\t<div class=\"elementor-element elementor-element-a582fed elementor-widget elementor-widget-heading\" data-id=\"a582fed\" data-element_type=\"widget\" data-e-type=\"widget\" data-widget_type=\"heading.default\">\n\t\t\t\t<div class=\"elementor-widget-container\">\n\t\t\t\t\t<h2 class=\"elementor-heading-title elementor-size-default\">Legais<\/h2>\t\t\t\t<\/div>\n\t\t\t\t<\/div>\n\t\t\t\t<div class=\"elementor-element elementor-element-17f40e3 elementor-widget__width-initial elementor-widget elementor-widget-text-editor\" data-id=\"17f40e3\" data-element_type=\"widget\" data-e-type=\"widget\" data-widget_type=\"text-editor.default\">\n\t\t\t\t<div class=\"elementor-widget-container\">\n\t\t\t\t\t\t\t\t\tConhe\u00e7a os documentos que regulamentam e conferem legitimidade \u00e0 nossa escola\t\t\t\t\t\t\t\t<\/div>\n\t\t\t\t<\/div>\n\t\t\t\t\t<\/div>\n\t\t\t\t<\/div>\n\t\t<div class=\"elementor-element elementor-element-2db2ec43 cards e-flex e-con-boxed e-con e-parent\" data-id=\"2db2ec43\" data-element_type=\"container\" data-e-type=\"container\" data-settings=\"{&quot;background_background&quot;:&quot;classic&quot;,&quot;_ha_eqh_enable&quot;:false}\">\n\t\t\t\t\t<div class=\"e-con-inner\">\n\t\t<section class=\"elementor-element elementor-element-48f405bf e-con-full e-flex e-con e-child\" data-id=\"48f405bf\" data-element_type=\"container\" data-e-type=\"container\" data-settings=\"{&quot;_ha_eqh_enable&quot;:false}\">\n\t\t<div class=\"elementor-element elementor-element-40e2efe3 e-flex e-con-boxed e-con e-child\" data-id=\"40e2efe3\" data-element_type=\"container\" data-e-type=\"container\" data-settings=\"{&quot;_ha_eqh_enable&quot;:false}\">\n\t\t\t\t\t<div class=\"e-con-inner\">\n\t\t\t\t<div class=\"elementor-element elementor-element-343cb777 elementor-widget-tablet__width-inherit ha-card--top ha-card--tablet-top ha-card--mobile-top elementor-widget elementor-widget-ha-card happy-addon ha-card\" data-id=\"343cb777\" data-element_type=\"widget\" data-e-type=\"widget\" data-widget_type=\"ha-card.default\">\n\t\t\t\t<div class=\"elementor-widget-container\">\n\t\t\t\t\t\n\t\t\t\t\t<figure class=\"ha-card-figure\">\n\t\t\t\t<img fetchpriority=\"high\" decoding=\"async\" width=\"800\" height=\"800\" src=\"https:\/\/centrobrasileirointegrado.com.br\/mg\/wp-content\/uploads\/2024\/02\/PUBLICACOES-LEGAIS-1024x1024.png\" class=\"attachment-large size-large wp-image-125\" alt=\"\" srcset=\"https:\/\/centrobrasileirointegrado.com.br\/mg\/wp-content\/uploads\/2024\/02\/PUBLICACOES-LEGAIS-1024x1024.png 1024w, https:\/\/centrobrasileirointegrado.com.br\/mg\/wp-content\/uploads\/2024\/02\/PUBLICACOES-LEGAIS-300x300.png 300w, https:\/\/centrobrasileirointegrado.com.br\/mg\/wp-content\/uploads\/2024\/02\/PUBLICACOES-LEGAIS-150x150.png 150w, https:\/\/centrobrasileirointegrado.com.br\/mg\/wp-content\/uploads\/2024\/02\/PUBLICACOES-LEGAIS-768x768.png 768w, https:\/\/centrobrasileirointegrado.com.br\/mg\/wp-content\/uploads\/2024\/02\/PUBLICACOES-LEGAIS.png 1080w\" sizes=\"(max-width: 800px) 100vw, 800px\" \/>\t\t\t\t\t\t\t<\/figure>\n\t\t\n\t\t<div class=\"ha-card-body\">\n\n\t\t\t<h6 class=\"ha-card-title\">Resolu\u00e7\u00e3o n\u00ba 2\/2020-CEDF<br><br><\/h6>\n\t\t\t\n\t\t\t<a class=\"ha-btn\" href=\"https:\/\/centrobrasileirointegrado.com.br\/mg\/wp-content\/uploads\/2024\/02\/Resolucao-2-2020-CEDF-1.pdf\" target=\"_blank\"><span class=\"ha-btn-text\">Visualizar<\/span><\/a>\t\t<\/div>\n\t\t\t\t\t\t<\/div>\n\t\t\t\t<\/div>\n\t\t\t\t\t<\/div>\n\t\t\t\t<\/div>\n\t\t<div class=\"elementor-element elementor-element-14bf8953 e-flex e-con-boxed e-con e-child\" data-id=\"14bf8953\" data-element_type=\"container\" data-e-type=\"container\" data-settings=\"{&quot;_ha_eqh_enable&quot;:false}\">\n\t\t\t\t\t<div class=\"e-con-inner\">\n\t\t\t\t<div class=\"elementor-element elementor-element-30f9ce69 elementor-widget-tablet__width-inherit ha-card--top ha-card--tablet-top ha-card--mobile-top elementor-widget elementor-widget-ha-card happy-addon ha-card\" data-id=\"30f9ce69\" data-element_type=\"widget\" data-e-type=\"widget\" data-widget_type=\"ha-card.default\">\n\t\t\t\t<div class=\"elementor-widget-container\">\n\t\t\t\t\t\n\t\t\t\t\t<figure class=\"ha-card-figure\">\n\t\t\t\t<img decoding=\"async\" width=\"1080\" height=\"1080\" src=\"https:\/\/centrobrasileirointegrado.com.br\/mg\/wp-content\/uploads\/2024\/02\/PUBLICACOES-LEGAIS.png\" class=\"attachment-full size-full wp-image-125\" alt=\"\" srcset=\"https:\/\/centrobrasileirointegrado.com.br\/mg\/wp-content\/uploads\/2024\/02\/PUBLICACOES-LEGAIS.png 1080w, https:\/\/centrobrasileirointegrado.com.br\/mg\/wp-content\/uploads\/2024\/02\/PUBLICACOES-LEGAIS-300x300.png 300w, https:\/\/centrobrasileirointegrado.com.br\/mg\/wp-content\/uploads\/2024\/02\/PUBLICACOES-LEGAIS-1024x1024.png 1024w, https:\/\/centrobrasileirointegrado.com.br\/mg\/wp-content\/uploads\/2024\/02\/PUBLICACOES-LEGAIS-150x150.png 150w, https:\/\/centrobrasileirointegrado.com.br\/mg\/wp-content\/uploads\/2024\/02\/PUBLICACOES-LEGAIS-768x768.png 768w\" sizes=\"(max-width: 1080px) 100vw, 1080px\" \/>\t\t\t\t\t\t\t<\/figure>\n\t\t\n\t\t<div class=\"ha-card-body\">\n\n\t\t\t<h2 class=\"ha-card-title\">Portaria N\u00ba 169, 16 de maio de 2019<\/h2>\n\t\t\t\n\t\t\t<a class=\"ha-btn\" href=\"https:\/\/centrobrasileirointegrado.com.br\/mg\/wp-content\/uploads\/2024\/02\/Portaria-Recredenciamento.pdf\" target=\"_blank\"><span class=\"ha-btn-text\">Visualizar<\/span><\/a>\t\t<\/div>\n\t\t\t\t\t\t<\/div>\n\t\t\t\t<\/div>\n\t\t\t\t\t<\/div>\n\t\t\t\t<\/div>\n\t\t<div class=\"elementor-element elementor-element-6b919082 e-flex e-con-boxed e-con e-child\" data-id=\"6b919082\" data-element_type=\"container\" data-e-type=\"container\" data-settings=\"{&quot;_ha_eqh_enable&quot;:false}\">\n\t\t\t\t\t<div class=\"e-con-inner\">\n\t\t\t\t<div class=\"elementor-element elementor-element-3e9894a7 elementor-widget-tablet__width-inherit ha-card--top ha-card--tablet-top ha-card--mobile-top elementor-widget elementor-widget-ha-card happy-addon ha-card\" data-id=\"3e9894a7\" data-element_type=\"widget\" data-e-type=\"widget\" data-widget_type=\"ha-card.default\">\n\t\t\t\t<div class=\"elementor-widget-container\">\n\t\t\t\t\t\n\t\t\t\t\t<figure class=\"ha-card-figure\">\n\t\t\t\t<img fetchpriority=\"high\" decoding=\"async\" width=\"800\" height=\"800\" src=\"https:\/\/centrobrasileirointegrado.com.br\/mg\/wp-content\/uploads\/2024\/02\/PUBLICACOES-LEGAIS-1024x1024.png\" class=\"attachment-large size-large wp-image-125\" alt=\"\" srcset=\"https:\/\/centrobrasileirointegrado.com.br\/mg\/wp-content\/uploads\/2024\/02\/PUBLICACOES-LEGAIS-1024x1024.png 1024w, https:\/\/centrobrasileirointegrado.com.br\/mg\/wp-content\/uploads\/2024\/02\/PUBLICACOES-LEGAIS-300x300.png 300w, https:\/\/centrobrasileirointegrado.com.br\/mg\/wp-content\/uploads\/2024\/02\/PUBLICACOES-LEGAIS-150x150.png 150w, https:\/\/centrobrasileirointegrado.com.br\/mg\/wp-content\/uploads\/2024\/02\/PUBLICACOES-LEGAIS-768x768.png 768w, https:\/\/centrobrasileirointegrado.com.br\/mg\/wp-content\/uploads\/2024\/02\/PUBLICACOES-LEGAIS.png 1080w\" sizes=\"(max-width: 800px) 100vw, 800px\" \/>\t\t\t\t\t\t\t<\/figure>\n\t\t\n\t\t<div class=\"ha-card-body\">\n\n\t\t\t<h2 class=\"ha-card-title\">Portaria N\u00ba 01, de 02 de janeiro de 2023<\/h2>\n\t\t\t\n\t\t\t<a class=\"ha-btn\" href=\"https:\/\/centrobrasileirointegrado.com.br\/mg\/wp-content\/uploads\/2024\/02\/Portaria-01.2023.pdf\" target=\"_blank\"><span class=\"ha-btn-text\">Visualizar<\/span><\/a>\t\t<\/div>\n\t\t\t\t\t\t<\/div>\n\t\t\t\t<\/div>\n\t\t\t\t\t<\/div>\n\t\t\t\t<\/div>\n\t\t\t\t<\/section>\n\t\t<section class=\"elementor-element elementor-element-7f8d7bcc e-con-full e-flex e-con e-child\" data-id=\"7f8d7bcc\" data-element_type=\"container\" data-e-type=\"container\" data-settings=\"{&quot;_ha_eqh_enable&quot;:false}\">\n\t\t<div class=\"elementor-element elementor-element-1c463916 e-flex e-con-boxed e-con e-child\" data-id=\"1c463916\" data-element_type=\"container\" data-e-type=\"container\" data-settings=\"{&quot;_ha_eqh_enable&quot;:false}\">\n\t\t\t\t\t<div class=\"e-con-inner\">\n\t\t\t\t<div class=\"elementor-element elementor-element-1323004f elementor-widget-tablet__width-inherit ha-card--top ha-card--tablet-top ha-card--mobile-top elementor-widget elementor-widget-ha-card happy-addon ha-card\" data-id=\"1323004f\" data-element_type=\"widget\" data-e-type=\"widget\" data-widget_type=\"ha-card.default\">\n\t\t\t\t<div class=\"elementor-widget-container\">\n\t\t\t\t\t\n\t\t\t\t\t<figure class=\"ha-card-figure\">\n\t\t\t\t<img fetchpriority=\"high\" decoding=\"async\" width=\"800\" height=\"800\" src=\"https:\/\/centrobrasileirointegrado.com.br\/mg\/wp-content\/uploads\/2024\/02\/PUBLICACOES-LEGAIS-1024x1024.png\" class=\"attachment-large size-large wp-image-125\" alt=\"\" srcset=\"https:\/\/centrobrasileirointegrado.com.br\/mg\/wp-content\/uploads\/2024\/02\/PUBLICACOES-LEGAIS-1024x1024.png 1024w, https:\/\/centrobrasileirointegrado.com.br\/mg\/wp-content\/uploads\/2024\/02\/PUBLICACOES-LEGAIS-300x300.png 300w, https:\/\/centrobrasileirointegrado.com.br\/mg\/wp-content\/uploads\/2024\/02\/PUBLICACOES-LEGAIS-150x150.png 150w, https:\/\/centrobrasileirointegrado.com.br\/mg\/wp-content\/uploads\/2024\/02\/PUBLICACOES-LEGAIS-768x768.png 768w, https:\/\/centrobrasileirointegrado.com.br\/mg\/wp-content\/uploads\/2024\/02\/PUBLICACOES-LEGAIS.png 1080w\" sizes=\"(max-width: 800px) 100vw, 800px\" \/>\t\t\t\t\t\t\t<\/figure>\n\t\t\n\t\t<div class=\"ha-card-body\">\n\n\t\t\t<h2 class=\"ha-card-title\">Ordem de servi\u00e7o N\u00ba 96 , 02 de agosto de 2022.<\/h2>\n\t\t\t\n\t\t\t<a class=\"ha-btn\" href=\"https:\/\/centrobrasileirointegrado.com.br\/mg\/wp-content\/uploads\/2024\/02\/Ordem-de-Servico-no-96-CBIE.pdf\" target=\"_blank\"><span class=\"ha-btn-text\">Visualizar<\/span><\/a>\t\t<\/div>\n\t\t\t\t\t\t<\/div>\n\t\t\t\t<\/div>\n\t\t\t\t\t<\/div>\n\t\t\t\t<\/div>\n\t\t<div class=\"elementor-element elementor-element-2c8fc03e e-flex e-con-boxed e-con e-child\" data-id=\"2c8fc03e\" data-element_type=\"container\" data-e-type=\"container\" data-settings=\"{&quot;_ha_eqh_enable&quot;:false}\">\n\t\t\t\t\t<div class=\"e-con-inner\">\n\t\t\t\t<div class=\"elementor-element elementor-element-22e85e80 elementor-widget-tablet__width-inherit ha-card--top ha-card--tablet-top ha-card--mobile-top elementor-widget elementor-widget-ha-card happy-addon ha-card\" data-id=\"22e85e80\" data-element_type=\"widget\" data-e-type=\"widget\" data-widget_type=\"ha-card.default\">\n\t\t\t\t<div class=\"elementor-widget-container\">\n\t\t\t\t\t\n\t\t\t\t\t<figure class=\"ha-card-figure\">\n\t\t\t\t<img fetchpriority=\"high\" decoding=\"async\" width=\"800\" height=\"800\" src=\"https:\/\/centrobrasileirointegrado.com.br\/mg\/wp-content\/uploads\/2024\/02\/PUBLICACOES-LEGAIS-1024x1024.png\" class=\"attachment-large size-large wp-image-125\" alt=\"\" srcset=\"https:\/\/centrobrasileirointegrado.com.br\/mg\/wp-content\/uploads\/2024\/02\/PUBLICACOES-LEGAIS-1024x1024.png 1024w, https:\/\/centrobrasileirointegrado.com.br\/mg\/wp-content\/uploads\/2024\/02\/PUBLICACOES-LEGAIS-300x300.png 300w, https:\/\/centrobrasileirointegrado.com.br\/mg\/wp-content\/uploads\/2024\/02\/PUBLICACOES-LEGAIS-150x150.png 150w, https:\/\/centrobrasileirointegrado.com.br\/mg\/wp-content\/uploads\/2024\/02\/PUBLICACOES-LEGAIS-768x768.png 768w, https:\/\/centrobrasileirointegrado.com.br\/mg\/wp-content\/uploads\/2024\/02\/PUBLICACOES-LEGAIS.png 1080w\" sizes=\"(max-width: 800px) 100vw, 800px\" \/>\t\t\t\t\t\t\t<\/figure>\n\t\t\n\t\t<div class=\"ha-card-body\">\n\n\t\t\t<h2 class=\"ha-card-title\">SISTEC CBIE <br><br><\/h2>\n\t\t\t\n\t\t\t<a class=\"ha-btn\" href=\"https:\/\/centrobrasileirointegrado.com.br\/mg\/wp-content\/uploads\/2024\/02\/SISTEC-CBIE.-1.pdf\" target=\"_blank\"><span class=\"ha-btn-text\">Visualizar<\/span><\/a>\t\t<\/div>\n\t\t\t\t\t\t<\/div>\n\t\t\t\t<\/div>\n\t\t\t\t\t<\/div>\n\t\t\t\t<\/div>\n\t\t<div class=\"elementor-element elementor-element-441e7236 e-flex e-con-boxed e-con e-child\" data-id=\"441e7236\" data-element_type=\"container\" data-e-type=\"container\" data-settings=\"{&quot;_ha_eqh_enable&quot;:false}\">\n\t\t\t\t\t<div class=\"e-con-inner\">\n\t\t\t\t\t<\/div>\n\t\t\t\t<\/div>\n\t\t\t\t<\/section>\n\t\t\t\t\t<\/div>\n\t\t\t\t<\/div>\n\t\t\t\t<\/div>\n\t\t","protected":false},"excerpt":{"rendered":"<p>Publica\u00e7\u00f5es Legais Conhe\u00e7a os documentos que regulamentam e conferem legitimidade \u00e0 nossa escola Resolu\u00e7\u00e3o n\u00ba 2\/2020-CEDF Visualizar Portaria N\u00ba 169, 16 de maio de 2019 Visualizar Portaria N\u00ba 01, de 02 de janeiro de 2023 Visualizar Ordem de servi\u00e7o N\u00ba 96 , 02 de agosto de 2022. Visualizar SISTEC CBIE Visualizar<\/p>\n","protected":false},"author":1,"featured_media":0,"parent":0,"menu_order":0,"comment_status":"closed","ping_status":"closed","template":"elementor_header_footer","meta":{"_joinchat":[],"footnotes":""},"class_list":["post-123","page","type-page","status-publish","hentry"],"_links":{"self":[{"href":"https:\/\/centrobrasileirointegrado.com.br\/mg\/wp-json\/wp\/v2\/pages\/123","targetHints":{"allow":["GET"]}}],"collection":[{"href":"https:\/\/centrobrasileirointegrado.com.br\/mg\/wp-json\/wp\/v2\/pages"}],"about":[{"href":"https:\/\/centrobrasileirointegrado.com.br\/mg\/wp-json\/wp\/v2\/types\/page"}],"author":[{"embeddable":true,"href":"https:\/\/centrobrasileirointegrado.com.br\/mg\/wp-json\/wp\/v2\/users\/1"}],"replies":[{"embeddable":true,"href":"https:\/\/centrobrasileirointegrado.com.br\/mg\/wp-json\/wp\/v2\/comments?post=123"}],"version-history":[{"count":0,"href":"https:\/\/centrobrasileirointegrado.com.br\/mg\/wp-json\/wp\/v2\/pages\/123\/revisions"}],"wp:attachment":[{"href":"https:\/\/centrobrasileirointegrado.com.br\/mg\/wp-json\/wp\/v2\/media?parent=123"}],"curies":[{"name":"wp","href":"https:\/\/api.w.org\/{rel}","templated":true}]}}