{"id":149,"date":"2024-02-19T15:54:35","date_gmt":"2024-02-19T18:54:35","guid":{"rendered":"https:\/\/centrobrasileirointegrado.com.br\/mg\/?page_id=149"},"modified":"2024-02-21T15:52:00","modified_gmt":"2024-02-21T18:52:00","slug":"portal-do-parceiro-mg","status":"publish","type":"page","link":"https:\/\/centrobrasileirointegrado.com.br\/mg\/portal-do-parceiro-mg\/","title":{"rendered":"Portal do Parceiro MG"},"content":{"rendered":"\t\t<div data-elementor-type=\"wp-page\" data-elementor-id=\"149\" class=\"elementor elementor-149\" data-elementor-settings=\"{&quot;ha_cmc_init_switcher&quot;:&quot;no&quot;}\" data-elementor-post-type=\"page\">\n\t\t\t\t<div class=\"elementor-element elementor-element-0c5bcc1 e-flex e-con-boxed e-con e-parent\" data-id=\"0c5bcc1\" data-element_type=\"container\" data-e-type=\"container\" data-settings=\"{&quot;background_background&quot;:&quot;classic&quot;,&quot;_ha_eqh_enable&quot;:false}\">\n\t\t\t\t\t<div class=\"e-con-inner\">\n\t\t\t\t<div class=\"elementor-element elementor-element-92b1ff6 elementor-widget elementor-widget-heading\" data-id=\"92b1ff6\" data-element_type=\"widget\" data-e-type=\"widget\" data-widget_type=\"heading.default\">\n\t\t\t\t<div class=\"elementor-widget-container\">\n\t\t\t\t\t<h2 class=\"elementor-heading-title elementor-size-default\">\u00c1rea do<\/h2>\t\t\t\t<\/div>\n\t\t\t\t<\/div>\n\t\t\t\t<div class=\"elementor-element elementor-element-9c30020 elementor-widget elementor-widget-heading\" data-id=\"9c30020\" data-element_type=\"widget\" data-e-type=\"widget\" data-widget_type=\"heading.default\">\n\t\t\t\t<div class=\"elementor-widget-container\">\n\t\t\t\t\t<h2 class=\"elementor-heading-title elementor-size-default\">Parceiro<\/h2>\t\t\t\t<\/div>\n\t\t\t\t<\/div>\n\t\t\t\t<div class=\"elementor-element elementor-element-2343165 elementor-widget__width-initial elementor-widget elementor-widget-text-editor\" data-id=\"2343165\" data-element_type=\"widget\" data-e-type=\"widget\" data-widget_type=\"text-editor.default\">\n\t\t\t\t<div class=\"elementor-widget-container\">\n\t\t\t\t\t\t\t\t\t<p>Aqui, voc\u00ea pode solicitar turmas de certifica\u00e7\u00e3o com facilidade e rapidez. Acessar o Sistema de Gest\u00e3o Acad\u00eamica e realizar os procedimentos necess\u00e1rios.<br \/>Caso surjam d\u00favidas ou dificuldades, n\u00e3o hesite em entrar em contato com a nossa central de atendimento.<\/p><p>Junte-se a n\u00f3s e ofere\u00e7a uma experi\u00eancia \u00fanica de aprendizado online<\/p>\t\t\t\t\t\t\t\t<\/div>\n\t\t\t\t<\/div>\n\t\t\t\t\t<\/div>\n\t\t\t\t<\/div>\n\t\t<div class=\"elementor-element elementor-element-61b9ac1 e-flex e-con-boxed e-con e-parent\" data-id=\"61b9ac1\" data-element_type=\"container\" data-e-type=\"container\" data-settings=\"{&quot;background_background&quot;:&quot;classic&quot;,&quot;_ha_eqh_enable&quot;:false}\">\n\t\t\t\t\t<div class=\"e-con-inner\">\n\t\t<div class=\"elementor-element elementor-element-7ce6f5a e-flex e-con-boxed e-con e-child\" data-id=\"7ce6f5a\" data-element_type=\"container\" data-e-type=\"container\" data-settings=\"{&quot;background_background&quot;:&quot;classic&quot;,&quot;_ha_eqh_enable&quot;:false}\">\n\t\t\t\t\t<div class=\"e-con-inner\">\n\t\t\t\t<div class=\"elementor-element elementor-element-b84cdd4 elementor-widget elementor-widget-heading\" data-id=\"b84cdd4\" data-element_type=\"widget\" data-e-type=\"widget\" data-widget_type=\"heading.default\">\n\t\t\t\t<div class=\"elementor-widget-container\">\n\t\t\t\t\t<h2 class=\"elementor-heading-title elementor-size-default\">Abertura de Turma<\/h2>\t\t\t\t<\/div>\n\t\t\t\t<\/div>\n\t\t\t\t<div class=\"elementor-element elementor-element-62887ed elementor-widget__width-initial elementor-widget elementor-widget-text-editor\" data-id=\"62887ed\" data-element_type=\"widget\" data-e-type=\"widget\" data-widget_type=\"text-editor.default\">\n\t\t\t\t<div class=\"elementor-widget-container\">\n\t\t\t\t\t\t\t\t\tNesta \u00e1rea, voc\u00ea pode solicitar a abertura de novas turmas de certifica\u00e7\u00e3o para a sua unidade com facilidade.\t\t\t\t\t\t\t\t<\/div>\n\t\t\t\t<\/div>\n\t\t\t\t<div class=\"elementor-element elementor-element-d019173 elementor-widget elementor-widget-button\" data-id=\"d019173\" data-element_type=\"widget\" data-e-type=\"widget\" data-widget_type=\"button.default\">\n\t\t\t\t<div class=\"elementor-widget-container\">\n\t\t\t\t\t\t\t\t\t<div class=\"elementor-button-wrapper\">\n\t\t\t\t\t<a class=\"elementor-button elementor-button-link elementor-size-md elementor-animation-grow\" href=\"https:\/\/centrobrasileirointegrado.com.br\/mg\/abertura-de-turma\/\" target=\"_blank\" rel=\"nofollow\">\n\t\t\t\t\t\t<span class=\"elementor-button-content-wrapper\">\n\t\t\t\t\t\t\t\t\t<span class=\"elementor-button-text\">Clique aqui<\/span>\n\t\t\t\t\t<\/span>\n\t\t\t\t\t<\/a>\n\t\t\t\t<\/div>\n\t\t\t\t\t\t\t\t<\/div>\n\t\t\t\t<\/div>\n\t\t\t\t\t<\/div>\n\t\t\t\t<\/div>\n\t\t<div class=\"elementor-element elementor-element-2e05ee5 e-flex e-con-boxed e-con e-child\" data-id=\"2e05ee5\" data-element_type=\"container\" data-e-type=\"container\" data-settings=\"{&quot;background_background&quot;:&quot;classic&quot;,&quot;_ha_eqh_enable&quot;:false}\">\n\t\t\t\t\t<div class=\"e-con-inner\">\n\t\t\t\t<div class=\"elementor-element elementor-element-a26fa01 elementor-widget elementor-widget-heading\" data-id=\"a26fa01\" data-element_type=\"widget\" data-e-type=\"widget\" data-widget_type=\"heading.default\">\n\t\t\t\t<div class=\"elementor-widget-container\">\n\t\t\t\t\t<h2 class=\"elementor-heading-title elementor-size-default\">Portal do Parceiro<\/h2>\t\t\t\t<\/div>\n\t\t\t\t<\/div>\n\t\t\t\t<div class=\"elementor-element elementor-element-fe5356e elementor-widget__width-initial elementor-widget elementor-widget-text-editor\" data-id=\"fe5356e\" data-element_type=\"widget\" data-e-type=\"widget\" data-widget_type=\"text-editor.default\">\n\t\t\t\t<div class=\"elementor-widget-container\">\n\t\t\t\t\t\t\t\t\tNo Portal de Parceiros, voc\u00ea tem todas as ferramentas para gerenciar sua unidade de forma eficiente.\n\t\t\t\t\t\t\t\t<\/div>\n\t\t\t\t<\/div>\n\t\t\t\t<div class=\"elementor-element elementor-element-568e841 elementor-widget elementor-widget-button\" data-id=\"568e841\" data-element_type=\"widget\" data-e-type=\"widget\" data-widget_type=\"button.default\">\n\t\t\t\t<div class=\"elementor-widget-container\">\n\t\t\t\t\t\t\t\t\t<div class=\"elementor-button-wrapper\">\n\t\t\t\t\t<a class=\"elementor-button elementor-button-link elementor-size-md elementor-animation-grow\" href=\"https:\/\/cbi.sistemasiga.net\/login\" target=\"_blank\" rel=\"nofollow\">\n\t\t\t\t\t\t<span class=\"elementor-button-content-wrapper\">\n\t\t\t\t\t\t\t\t\t<span class=\"elementor-button-text\">Clique aqui<\/span>\n\t\t\t\t\t<\/span>\n\t\t\t\t\t<\/a>\n\t\t\t\t<\/div>\n\t\t\t\t\t\t\t\t<\/div>\n\t\t\t\t<\/div>\n\t\t\t\t\t<\/div>\n\t\t\t\t<\/div>\n\t\t<div class=\"elementor-element elementor-element-47521d0 e-flex e-con-boxed e-con e-child\" data-id=\"47521d0\" data-element_type=\"container\" data-e-type=\"container\" data-settings=\"{&quot;background_background&quot;:&quot;classic&quot;,&quot;_ha_eqh_enable&quot;:false}\">\n\t\t\t\t\t<div class=\"e-con-inner\">\n\t\t\t\t<div class=\"elementor-element elementor-element-320d8ea elementor-widget elementor-widget-heading\" data-id=\"320d8ea\" data-element_type=\"widget\" data-e-type=\"widget\" data-widget_type=\"heading.default\">\n\t\t\t\t<div class=\"elementor-widget-container\">\n\t\t\t\t\t<h2 class=\"elementor-heading-title elementor-size-default\">Central de Atendimento<\/h2>\t\t\t\t<\/div>\n\t\t\t\t<\/div>\n\t\t\t\t<div class=\"elementor-element elementor-element-5b03425 elementor-widget__width-initial elementor-widget elementor-widget-text-editor\" data-id=\"5b03425\" data-element_type=\"widget\" data-e-type=\"widget\" data-widget_type=\"text-editor.default\">\n\t\t\t\t<div class=\"elementor-widget-container\">\n\t\t\t\t\t\t\t\t\tNesta \u00e1rea, voc\u00ea pode solicitar a abertura de novas turmas de certifica\u00e7\u00e3o para a sua unidade com facilidade.\t\t\t\t\t\t\t\t<\/div>\n\t\t\t\t<\/div>\n\t\t\t\t<div class=\"elementor-element elementor-element-82c74bd elementor-widget elementor-widget-button\" data-id=\"82c74bd\" data-element_type=\"widget\" data-e-type=\"widget\" data-widget_type=\"button.default\">\n\t\t\t\t<div class=\"elementor-widget-container\">\n\t\t\t\t\t\t\t\t\t<div class=\"elementor-button-wrapper\">\n\t\t\t\t\t<a class=\"elementor-button elementor-button-link elementor-size-md elementor-animation-grow\" href=\"https:\/\/wa.me\/message\/NTZMSLQCBFP4E1\" target=\"_blank\" rel=\"nofollow\">\n\t\t\t\t\t\t<span class=\"elementor-button-content-wrapper\">\n\t\t\t\t\t\t\t\t\t<span class=\"elementor-button-text\">Clique aqui<\/span>\n\t\t\t\t\t<\/span>\n\t\t\t\t\t<\/a>\n\t\t\t\t<\/div>\n\t\t\t\t\t\t\t\t<\/div>\n\t\t\t\t<\/div>\n\t\t\t\t\t<\/div>\n\t\t\t\t<\/div>\n\t\t\t\t\t<\/div>\n\t\t\t\t<\/div>\n\t\t\t\t<\/div>\n\t\t","protected":false},"excerpt":{"rendered":"<p>\u00c1rea do Parceiro Aqui, voc\u00ea pode solicitar turmas de certifica\u00e7\u00e3o com facilidade e rapidez. Acessar o Sistema de Gest\u00e3o Acad\u00eamica e realizar os procedimentos necess\u00e1rios.Caso surjam d\u00favidas ou dificuldades, n\u00e3o hesite em entrar em contato com a nossa central de atendimento. Junte-se a n\u00f3s e ofere\u00e7a uma experi\u00eancia \u00fanica de aprendizado online Abertura de Turma [&hellip;]<\/p>\n","protected":false},"author":1,"featured_media":0,"parent":0,"menu_order":0,"comment_status":"closed","ping_status":"closed","template":"elementor_header_footer","meta":{"_joinchat":[],"footnotes":""},"class_list":["post-149","page","type-page","status-publish","hentry"],"_links":{"self":[{"href":"https:\/\/centrobrasileirointegrado.com.br\/mg\/wp-json\/wp\/v2\/pages\/149","targetHints":{"allow":["GET"]}}],"collection":[{"href":"https:\/\/centrobrasileirointegrado.com.br\/mg\/wp-json\/wp\/v2\/pages"}],"about":[{"href":"https:\/\/centrobrasileirointegrado.com.br\/mg\/wp-json\/wp\/v2\/types\/page"}],"author":[{"embeddable":true,"href":"https:\/\/centrobrasileirointegrado.com.br\/mg\/wp-json\/wp\/v2\/users\/1"}],"replies":[{"embeddable":true,"href":"https:\/\/centrobrasileirointegrado.com.br\/mg\/wp-json\/wp\/v2\/comments?post=149"}],"version-history":[{"count":9,"href":"https:\/\/centrobrasileirointegrado.com.br\/mg\/wp-json\/wp\/v2\/pages\/149\/revisions"}],"predecessor-version":[{"id":7591,"href":"https:\/\/centrobrasileirointegrado.com.br\/mg\/wp-json\/wp\/v2\/pages\/149\/revisions\/7591"}],"wp:attachment":[{"href":"https:\/\/centrobrasileirointegrado.com.br\/mg\/wp-json\/wp\/v2\/media?parent=149"}],"curies":[{"name":"wp","href":"https:\/\/api.w.org\/{rel}","templated":true}]}}