{"id":7598,"date":"2024-02-22T09:03:13","date_gmt":"2024-02-22T12:03:13","guid":{"rendered":"https:\/\/centrobrasileirointegrado.com.br\/mg\/?page_id=7598"},"modified":"2026-03-19T09:22:23","modified_gmt":"2026-03-19T12:22:23","slug":"abertura-de-turma","status":"publish","type":"page","link":"https:\/\/centrobrasileirointegrado.com.br\/mg\/abertura-de-turma\/","title":{"rendered":"Abertura de Turma"},"content":{"rendered":"\t\t<div data-elementor-type=\"wp-page\" data-elementor-id=\"7598\" class=\"elementor elementor-7598\" data-elementor-settings=\"{&quot;ha_cmc_init_switcher&quot;:&quot;no&quot;}\" data-elementor-post-type=\"page\">\n\t\t\t\t<div class=\"elementor-element elementor-element-5f0d4aff e-flex e-con-boxed e-con e-parent\" data-id=\"5f0d4aff\" data-element_type=\"container\" data-e-type=\"container\" data-settings=\"{&quot;background_background&quot;:&quot;classic&quot;,&quot;_ha_eqh_enable&quot;:false}\">\n\t\t\t\t\t<div class=\"e-con-inner\">\n\t\t<div class=\"elementor-element elementor-element-4563f486 e-flex e-con-boxed e-con e-child\" data-id=\"4563f486\" data-element_type=\"container\" data-e-type=\"container\" data-settings=\"{&quot;_ha_eqh_enable&quot;:false}\">\n\t\t\t\t\t<div class=\"e-con-inner\">\n\t\t\t\t<div class=\"elementor-element elementor-element-c06ade9 elementor-widget elementor-widget-heading\" data-id=\"c06ade9\" data-element_type=\"widget\" data-e-type=\"widget\" data-widget_type=\"heading.default\">\n\t\t\t\t<div class=\"elementor-widget-container\">\n\t\t\t\t\t<h2 class=\"elementor-heading-title elementor-size-default\">Abertura de <\/h2>\t\t\t\t<\/div>\n\t\t\t\t<\/div>\n\t\t\t\t<div class=\"elementor-element elementor-element-fffda6c elementor-widget elementor-widget-heading\" data-id=\"fffda6c\" data-element_type=\"widget\" data-e-type=\"widget\" data-widget_type=\"heading.default\">\n\t\t\t\t<div class=\"elementor-widget-container\">\n\t\t\t\t\t<h2 class=\"elementor-heading-title elementor-size-default\">TURMA<\/h2>\t\t\t\t<\/div>\n\t\t\t\t<\/div>\n\t\t\t\t<div class=\"elementor-element elementor-element-0758885 elementor-widget__width-initial elementor-widget elementor-widget-text-editor\" data-id=\"0758885\" data-element_type=\"widget\" data-e-type=\"widget\" data-widget_type=\"text-editor.default\">\n\t\t\t\t<div class=\"elementor-widget-container\">\n\t\t\t\t\t\t\t\t\t<p>Preencha o formul\u00e1rio abaixo e logo em seguida nosso time entrar\u00e1 em contato.<\/p>\t\t\t\t\t\t\t\t<\/div>\n\t\t\t\t<\/div>\n\t\t\t\t\t<\/div>\n\t\t\t\t<\/div>\n\t\t<div class=\"elementor-element elementor-element-5114b6f2 elementor-hidden-mobile e-flex e-con-boxed e-con e-child\" data-id=\"5114b6f2\" data-element_type=\"container\" data-e-type=\"container\" data-settings=\"{&quot;_ha_eqh_enable&quot;:false}\">\n\t\t\t\t\t<div class=\"e-con-inner\">\n\t\t\t\t\t<\/div>\n\t\t\t\t<\/div>\n\t\t\t\t\t<\/div>\n\t\t\t\t<\/div>\n\t\t<div class=\"elementor-element elementor-element-9a0e29f e-flex e-con-boxed e-con e-parent\" data-id=\"9a0e29f\" data-element_type=\"container\" data-e-type=\"container\" data-settings=\"{&quot;_ha_eqh_enable&quot;:false}\">\n\t\t\t\t\t<div class=\"e-con-inner\">\n\t\t\t\t<div class=\"elementor-element elementor-element-d313bbb elementor-button-align-stretch elementor-widget elementor-widget-form\" data-id=\"d313bbb\" data-element_type=\"widget\" data-e-type=\"widget\" data-settings=\"{&quot;step_next_label&quot;:&quot;Next&quot;,&quot;step_previous_label&quot;:&quot;Previous&quot;,&quot;button_width&quot;:&quot;100&quot;,&quot;step_type&quot;:&quot;number_text&quot;,&quot;step_icon_shape&quot;:&quot;circle&quot;}\" data-widget_type=\"form.default\">\n\t\t\t\t<div class=\"elementor-widget-container\">\n\t\t\t\t\t\t\t<form class=\"elementor-form\" method=\"post\" name=\"Abertura de Turma\" aria-label=\"Abertura de Turma\">\n\t\t\t<input type=\"hidden\" name=\"post_id\" value=\"7598\"\/>\n\t\t\t<input type=\"hidden\" name=\"form_id\" value=\"d313bbb\"\/>\n\t\t\t<input type=\"hidden\" name=\"referer_title\" value=\"Abertura de Turma\" \/>\n\n\t\t\t\t\t\t\t<input type=\"hidden\" name=\"queried_id\" value=\"7598\"\/>\n\t\t\t\n\t\t\t<div class=\"elementor-form-fields-wrapper elementor-labels-above\">\n\t\t\t\t\t\t\t\t<div class=\"elementor-field-type-text elementor-field-group elementor-column elementor-field-group-cnpj elementor-col-100 elementor-field-required elementor-mark-required\">\n\t\t\t\t\t\t\t\t\t\t\t\t<label for=\"form-field-cnpj\" class=\"elementor-field-label\">\n\t\t\t\t\t\t\t\tCNPJ\t\t\t\t\t\t\t<\/label>\n\t\t\t\t\t\t\t\t\t\t\t\t\t\t<input size=\"1\" type=\"text\" name=\"form_fields[cnpj]\" id=\"form-field-cnpj\" class=\"elementor-field elementor-size-sm  elementor-field-textual\" required=\"required\">\n\t\t\t\t\t\t\t\t\t\t\t<\/div>\n\t\t\t\t\t\t\t\t<div class=\"elementor-field-type-text elementor-field-group elementor-column elementor-field-group-nome elementor-col-100 elementor-field-required elementor-mark-required\">\n\t\t\t\t\t\t\t\t\t\t\t\t<label for=\"form-field-nome\" class=\"elementor-field-label\">\n\t\t\t\t\t\t\t\tRaz\u00e3o Social\t\t\t\t\t\t\t<\/label>\n\t\t\t\t\t\t\t\t\t\t\t\t\t\t<input size=\"1\" type=\"text\" name=\"form_fields[nome]\" id=\"form-field-nome\" class=\"elementor-field elementor-size-sm  elementor-field-textual\" required=\"required\">\n\t\t\t\t\t\t\t\t\t\t\t<\/div>\n\t\t\t\t\t\t\t\t<div class=\"elementor-field-type-text elementor-field-group elementor-column elementor-field-group-fantasia elementor-col-100 elementor-field-required elementor-mark-required\">\n\t\t\t\t\t\t\t\t\t\t\t\t<label for=\"form-field-fantasia\" class=\"elementor-field-label\">\n\t\t\t\t\t\t\t\tNome Fantasia\t\t\t\t\t\t\t<\/label>\n\t\t\t\t\t\t\t\t\t\t\t\t\t\t<input size=\"1\" type=\"text\" name=\"form_fields[fantasia]\" id=\"form-field-fantasia\" class=\"elementor-field elementor-size-sm  elementor-field-textual\" required=\"required\">\n\t\t\t\t\t\t\t\t\t\t\t<\/div>\n\t\t\t\t\t\t\t\t<div class=\"elementor-field-type-text elementor-field-group elementor-column elementor-field-group-email elementor-col-100 elementor-field-required elementor-mark-required\">\n\t\t\t\t\t\t\t\t\t\t\t\t<label for=\"form-field-email\" class=\"elementor-field-label\">\n\t\t\t\t\t\t\t\tEmail do Polo\t\t\t\t\t\t\t<\/label>\n\t\t\t\t\t\t\t\t\t\t\t\t\t\t<input size=\"1\" type=\"text\" name=\"form_fields[email]\" id=\"form-field-email\" class=\"elementor-field elementor-size-sm  elementor-field-textual\" required=\"required\">\n\t\t\t\t\t\t\t\t\t\t\t<\/div>\n\t\t\t\t\t\t\t\t<div class=\"elementor-field-type-text elementor-field-group elementor-column elementor-field-group-telefone elementor-col-100 elementor-field-required elementor-mark-required\">\n\t\t\t\t\t\t\t\t\t\t\t\t<label for=\"form-field-telefone\" class=\"elementor-field-label\">\n\t\t\t\t\t\t\t\tTelefone para Contato (WhatsApp)- Sem tra\u00e7os ou pontos\t\t\t\t\t\t\t<\/label>\n\t\t\t\t\t\t\t\t\t\t\t\t\t\t<input size=\"1\" type=\"text\" name=\"form_fields[telefone]\" id=\"form-field-telefone\" class=\"elementor-field elementor-size-sm  elementor-field-textual\" placeholder=\"5583981174727\" required=\"required\">\n\t\t\t\t\t\t\t\t\t\t\t<\/div>\n\t\t\t\t\t\t\t\t<div class=\"elementor-field-type-text elementor-field-group elementor-column elementor-field-group-ciente elementor-col-100 elementor-field-required elementor-mark-required\">\n\t\t\t\t\t\t\t\t\t\t\t\t<label for=\"form-field-ciente\" class=\"elementor-field-label\">\n\t\t\t\t\t\t\t\tVoc\u00ea est\u00e1 ciente que ao realizar essa solicita\u00e7\u00e3o voc\u00ea est\u00e1 informando que tem alunos para certificar?\t\t\t\t\t\t\t<\/label>\n\t\t\t\t\t\t\t\t\t\t\t\t\t\t<input size=\"1\" type=\"text\" name=\"form_fields[ciente]\" id=\"form-field-ciente\" class=\"elementor-field elementor-size-sm  elementor-field-textual\" required=\"required\">\n\t\t\t\t\t\t\t\t\t\t\t<\/div>\n\t\t\t\t\t\t\t\t<div class=\"elementor-field-type-radio elementor-field-group elementor-column elementor-field-group-tipodeturma elementor-col-100\">\n\t\t\t\t\t\t\t\t\t\t\t\t<label for=\"form-field-tipodeturma\" class=\"elementor-field-label\">\n\t\t\t\t\t\t\t\tTipo da Turma\t\t\t\t\t\t\t<\/label>\n\t\t\t\t\t\t<div class=\"elementor-field-subgroup  \"><span class=\"elementor-field-option\"><input type=\"radio\" value=\"Turma de certifica\u00e7\u00e3o para o Ensino M\u00e9dio\" id=\"form-field-tipodeturma-0\" name=\"form_fields[tipodeturma]\"> <label for=\"form-field-tipodeturma-0\">Turma de certifica\u00e7\u00e3o para o Ensino M\u00e9dio<\/label><\/span><span class=\"elementor-field-option\"><input type=\"radio\" value=\"Turma de certifica\u00e7\u00e3o para o Ensino Fundamental\" id=\"form-field-tipodeturma-1\" name=\"form_fields[tipodeturma]\"> <label for=\"form-field-tipodeturma-1\">Turma de certifica\u00e7\u00e3o para o Ensino Fundamental<\/label><\/span><\/div>\t\t\t\t<\/div>\n\t\t\t\t\t\t\t\t<div class=\"elementor-field-type-textarea elementor-field-group elementor-column elementor-field-group-observacao elementor-col-100\">\n\t\t\t\t\t\t\t\t\t\t\t\t<label for=\"form-field-observacao\" class=\"elementor-field-label\">\n\t\t\t\t\t\t\t\tObserva\u00e7\u00e3o\t\t\t\t\t\t\t<\/label>\n\t\t\t\t\t\t<textarea class=\"elementor-field-textual elementor-field  elementor-size-sm\" name=\"form_fields[observacao]\" id=\"form-field-observacao\" rows=\"4\">-<\/textarea>\t\t\t\t<\/div>\n\t\t\t\t\t\t\t\t<div class=\"elementor-field-group elementor-column elementor-field-type-submit elementor-col-100 e-form__buttons\">\n\t\t\t\t\t<button class=\"elementor-button elementor-size-sm\" type=\"submit\">\n\t\t\t\t\t\t<span class=\"elementor-button-content-wrapper\">\n\t\t\t\t\t\t\t\t\t\t\t\t\t\t\t\t\t\t\t\t\t\t<span class=\"elementor-button-text\">Enviar<\/span>\n\t\t\t\t\t\t\t\t\t\t\t\t\t<\/span>\n\t\t\t\t\t<\/button>\n\t\t\t\t<\/div>\n\t\t\t<\/div>\n\t\t<\/form>\n\t\t\t\t\t\t<\/div>\n\t\t\t\t<\/div>\n\t\t\t\t\t<\/div>\n\t\t\t\t<\/div>\n\t\t\t\t<\/div>\n\t\t","protected":false},"excerpt":{"rendered":"<p>Abertura de TURMA Preencha o formul\u00e1rio abaixo e logo em seguida nosso time entrar\u00e1 em contato.<\/p>\n","protected":false},"author":1,"featured_media":0,"parent":0,"menu_order":0,"comment_status":"closed","ping_status":"closed","template":"","meta":{"_joinchat":[],"footnotes":""},"class_list":["post-7598","page","type-page","status-publish","hentry"],"_links":{"self":[{"href":"https:\/\/centrobrasileirointegrado.com.br\/mg\/wp-json\/wp\/v2\/pages\/7598","targetHints":{"allow":["GET"]}}],"collection":[{"href":"https:\/\/centrobrasileirointegrado.com.br\/mg\/wp-json\/wp\/v2\/pages"}],"about":[{"href":"https:\/\/centrobrasileirointegrado.com.br\/mg\/wp-json\/wp\/v2\/types\/page"}],"author":[{"embeddable":true,"href":"https:\/\/centrobrasileirointegrado.com.br\/mg\/wp-json\/wp\/v2\/users\/1"}],"replies":[{"embeddable":true,"href":"https:\/\/centrobrasileirointegrado.com.br\/mg\/wp-json\/wp\/v2\/comments?post=7598"}],"version-history":[{"count":28,"href":"https:\/\/centrobrasileirointegrado.com.br\/mg\/wp-json\/wp\/v2\/pages\/7598\/revisions"}],"predecessor-version":[{"id":7879,"href":"https:\/\/centrobrasileirointegrado.com.br\/mg\/wp-json\/wp\/v2\/pages\/7598\/revisions\/7879"}],"wp:attachment":[{"href":"https:\/\/centrobrasileirointegrado.com.br\/mg\/wp-json\/wp\/v2\/media?parent=7598"}],"curies":[{"name":"wp","href":"https:\/\/api.w.org\/{rel}","templated":true}]}}