{"id":7865,"date":"2025-12-04T11:16:51","date_gmt":"2025-12-04T14:16:51","guid":{"rendered":"https:\/\/centrobrasileirointegrado.com.br\/mg\/?page_id=7865"},"modified":"2025-12-04T11:17:16","modified_gmt":"2025-12-04T14:17:16","slug":"nexus-investimentos","status":"publish","type":"page","link":"https:\/\/centrobrasileirointegrado.com.br\/mg\/nexus-investimentos\/","title":{"rendered":"Nexus Investimentos"},"content":{"rendered":"\t\t<div data-elementor-type=\"wp-page\" data-elementor-id=\"7865\" class=\"elementor elementor-7865\" data-elementor-settings=\"{&quot;ha_cmc_init_switcher&quot;:&quot;no&quot;}\" data-elementor-post-type=\"page\">\n\t\t\t\t<div class=\"elementor-element elementor-element-b497d13 e-flex e-con-boxed e-con e-parent\" data-id=\"b497d13\" data-element_type=\"container\" data-e-type=\"container\" data-settings=\"{&quot;background_background&quot;:&quot;classic&quot;,&quot;_ha_eqh_enable&quot;:false}\">\n\t\t\t\t\t<div class=\"e-con-inner\">\n\t\t\t\t<div class=\"elementor-element elementor-element-972f33b elementor-widget elementor-widget-heading\" data-id=\"972f33b\" data-element_type=\"widget\" data-e-type=\"widget\" data-widget_type=\"heading.default\">\n\t\t\t\t<div class=\"elementor-widget-container\">\n\t\t\t\t\t<h2 class=\"elementor-heading-title elementor-size-default\">Nexus Investimentos<\/h2>\t\t\t\t<\/div>\n\t\t\t\t<\/div>\n\t\t\t\t\t<\/div>\n\t\t\t\t<\/div>\n\t\t<div class=\"elementor-element elementor-element-4b0ef08 e-flex e-con-boxed e-con e-parent\" data-id=\"4b0ef08\" data-element_type=\"container\" data-e-type=\"container\" data-settings=\"{&quot;background_background&quot;:&quot;classic&quot;,&quot;_ha_eqh_enable&quot;:false}\">\n\t\t\t\t\t<div class=\"e-con-inner\">\n\t\t<div class=\"elementor-element elementor-element-257f37e e-con-full e-flex e-con e-child\" data-id=\"257f37e\" data-element_type=\"container\" data-e-type=\"container\" data-settings=\"{&quot;background_background&quot;:&quot;classic&quot;,&quot;_ha_eqh_enable&quot;:false}\">\n\t\t\t\t<div class=\"elementor-element elementor-element-a5c9299 elementor-widget elementor-widget-text-editor\" data-id=\"a5c9299\" data-element_type=\"widget\" data-e-type=\"widget\" data-widget_type=\"text-editor.default\">\n\t\t\t\t<div class=\"elementor-widget-container\">\n\t\t\t\t\t\t\t\t\t<p>Nexus Investimentos \u00e9 uma iniciativa criada para impulsionar ideias inovadoras dentro do ecossistema educacional e empreendedor. O programa conecta novos talentos a um investidor anjo que busca projetos com alto potencial de impacto e escalabilidade. A proposta \u00e9 simples. Voc\u00ea apresenta sua ideia, explica o problema que ela resolve e demonstra como seu projeto pode crescer. Se for selecionado, voc\u00ea receber\u00e1 mentoria estrat\u00e9gica, aporte financeiro e suporte do Grupo Aprova Nexus para transformar sua vis\u00e3o em realidade.<\/p><p>A sele\u00e7\u00e3o acontece em etapas. Primeiro voc\u00ea envia seu pitch pelo formul\u00e1rio dispon\u00edvel nesta p\u00e1gina. Depois nossa equipe avalia o potencial do projeto e entra em contato caso a ideia avance para a fase de apresenta\u00e7\u00e3o ao investidor. O programa busca iniciativas que unam criatividade, viabilidade e prop\u00f3sito, seja na \u00e1rea educacional, tecnol\u00f3gica, social ou de inova\u00e7\u00e3o em servi\u00e7os.<\/p><p>Se voc\u00ea tem uma ideia que merece sair do papel, este \u00e9 o momento. Preencha o formul\u00e1rio, descreva sua proposta com clareza e mostre como ela pode gerar valor. O Nexus Investimentos est\u00e1 pronto para conhecer projetos que desejam crescer de forma real e estruturada.<\/p>\t\t\t\t\t\t\t\t<\/div>\n\t\t\t\t<\/div>\n\t\t\t\t<div class=\"elementor-element elementor-element-06c6030 elementor-button-align-stretch elementor-widget elementor-widget-form\" data-id=\"06c6030\" data-element_type=\"widget\" data-e-type=\"widget\" data-settings=\"{&quot;step_next_label&quot;:&quot;Next&quot;,&quot;step_previous_label&quot;:&quot;Previous&quot;,&quot;button_width&quot;:&quot;100&quot;,&quot;step_type&quot;:&quot;number_text&quot;,&quot;step_icon_shape&quot;:&quot;circle&quot;}\" data-widget_type=\"form.default\">\n\t\t\t\t<div class=\"elementor-widget-container\">\n\t\t\t\t\t\t\t<form class=\"elementor-form\" method=\"post\" name=\"Nexus Investimentos\" aria-label=\"Nexus Investimentos\">\n\t\t\t<input type=\"hidden\" name=\"post_id\" value=\"7865\"\/>\n\t\t\t<input type=\"hidden\" name=\"form_id\" value=\"06c6030\"\/>\n\t\t\t<input type=\"hidden\" name=\"referer_title\" value=\"Nexus Investimentos\" \/>\n\n\t\t\t\t\t\t\t<input type=\"hidden\" name=\"queried_id\" value=\"7865\"\/>\n\t\t\t\n\t\t\t<div class=\"elementor-form-fields-wrapper elementor-labels-above\">\n\t\t\t\t\t\t\t\t<div class=\"elementor-field-type-text elementor-field-group elementor-column elementor-field-group-name elementor-col-100 elementor-field-required\">\n\t\t\t\t\t\t\t\t\t\t\t\t\t<input size=\"1\" type=\"text\" name=\"form_fields[name]\" id=\"form-field-name\" class=\"elementor-field elementor-size-sm  elementor-field-textual\" placeholder=\"Digite o seu nome\" required=\"required\">\n\t\t\t\t\t\t\t\t\t\t\t<\/div>\n\t\t\t\t\t\t\t\t<div class=\"elementor-field-type-email elementor-field-group elementor-column elementor-field-group-email elementor-col-100 elementor-field-required\">\n\t\t\t\t\t\t\t\t\t\t\t\t\t<input size=\"1\" type=\"email\" name=\"form_fields[email]\" id=\"form-field-email\" class=\"elementor-field elementor-size-sm  elementor-field-textual\" placeholder=\"Digite o seu email\" required=\"required\">\n\t\t\t\t\t\t\t\t\t\t\t<\/div>\n\t\t\t\t\t\t\t\t<div class=\"elementor-field-type-text elementor-field-group elementor-column elementor-field-group-field_107a167 elementor-col-100 elementor-field-required\">\n\t\t\t\t\t\t\t\t\t\t\t\t\t<input size=\"1\" type=\"text\" name=\"form_fields[field_107a167]\" id=\"form-field-field_107a167\" class=\"elementor-field elementor-size-sm  elementor-field-textual\" placeholder=\"Nome da empresa\" required=\"required\">\n\t\t\t\t\t\t\t\t\t\t\t<\/div>\n\t\t\t\t\t\t\t\t<div class=\"elementor-field-type-text elementor-field-group elementor-column elementor-field-group-field_69ad05c elementor-col-100 elementor-field-required\">\n\t\t\t\t\t\t\t\t\t\t\t\t\t<input size=\"1\" type=\"text\" name=\"form_fields[field_69ad05c]\" id=\"form-field-field_69ad05c\" class=\"elementor-field elementor-size-sm  elementor-field-textual\" placeholder=\"Como nasceu a empresa?\" required=\"required\">\n\t\t\t\t\t\t\t\t\t\t\t<\/div>\n\t\t\t\t\t\t\t\t<div class=\"elementor-field-type-text elementor-field-group elementor-column elementor-field-group-field_9f843bd elementor-col-100 elementor-field-required\">\n\t\t\t\t\t\t\t\t\t\t\t\t\t<input size=\"1\" type=\"text\" name=\"form_fields[field_9f843bd]\" id=\"form-field-field_9f843bd\" class=\"elementor-field elementor-size-sm  elementor-field-textual\" placeholder=\"Qual a dor que resolve? \/\/ Qual solu\u00e7\u00e3o (produto x servi\u00e7o)\" required=\"required\">\n\t\t\t\t\t\t\t\t\t\t\t<\/div>\n\t\t\t\t\t\t\t\t<div class=\"elementor-field-type-text elementor-field-group elementor-column elementor-field-group-field_53f4897 elementor-col-100 elementor-field-required\">\n\t\t\t\t\t\t\t\t\t\t\t\t\t<input size=\"1\" type=\"text\" name=\"form_fields[field_53f4897]\" id=\"form-field-field_53f4897\" class=\"elementor-field elementor-size-sm  elementor-field-textual\" placeholder=\"Qual o faturamento da empresa?\" required=\"required\">\n\t\t\t\t\t\t\t\t\t\t\t<\/div>\n\t\t\t\t\t\t\t\t<div class=\"elementor-field-type-textarea elementor-field-group elementor-column elementor-field-group-message elementor-col-100 elementor-field-required\">\n\t\t\t\t\t<textarea class=\"elementor-field-textual elementor-field  elementor-size-sm\" name=\"form_fields[message]\" id=\"form-field-message\" rows=\"4\" placeholder=\"O que voc\u00ea busca?\" required=\"required\"><\/textarea>\t\t\t\t<\/div>\n\t\t\t\t\t\t\t\t<div class=\"elementor-field-type-upload elementor-field-group elementor-column elementor-field-group-field_f5c27f6 elementor-col-100\">\n\t\t\t\t\t\t\t<input type=\"file\" name=\"form_fields[field_f5c27f6]\" id=\"form-field-field_f5c27f6\" class=\"elementor-field elementor-size-sm  elementor-upload-field\">\n\n\t\t\t\t\t\t<\/div>\n\t\t\t\t\t\t\t\t<div class=\"elementor-field-group elementor-column elementor-field-type-submit elementor-col-100 e-form__buttons\">\n\t\t\t\t\t<button class=\"elementor-button elementor-size-sm\" type=\"submit\">\n\t\t\t\t\t\t<span class=\"elementor-button-content-wrapper\">\n\t\t\t\t\t\t\t\t\t\t\t\t\t\t\t\t\t\t\t\t\t\t<span class=\"elementor-button-text\">Enviar<\/span>\n\t\t\t\t\t\t\t\t\t\t\t\t\t<\/span>\n\t\t\t\t\t<\/button>\n\t\t\t\t<\/div>\n\t\t\t<\/div>\n\t\t<\/form>\n\t\t\t\t\t\t<\/div>\n\t\t\t\t<\/div>\n\t\t\t\t<\/div>\n\t\t\t\t\t<\/div>\n\t\t\t\t<\/div>\n\t\t\t\t<\/div>\n\t\t","protected":false},"excerpt":{"rendered":"<p>Nexus Investimentos Nexus Investimentos \u00e9 uma iniciativa criada para impulsionar ideias inovadoras dentro do ecossistema educacional e empreendedor. O programa conecta novos talentos a um investidor anjo que busca projetos com alto potencial de impacto e escalabilidade. A proposta \u00e9 simples. Voc\u00ea apresenta sua ideia, explica o problema que ela resolve e demonstra como seu [&hellip;]<\/p>\n","protected":false},"author":1,"featured_media":0,"parent":0,"menu_order":0,"comment_status":"closed","ping_status":"closed","template":"elementor_header_footer","meta":{"_joinchat":[],"footnotes":""},"class_list":["post-7865","page","type-page","status-publish","hentry"],"_links":{"self":[{"href":"https:\/\/centrobrasileirointegrado.com.br\/mg\/wp-json\/wp\/v2\/pages\/7865","targetHints":{"allow":["GET"]}}],"collection":[{"href":"https:\/\/centrobrasileirointegrado.com.br\/mg\/wp-json\/wp\/v2\/pages"}],"about":[{"href":"https:\/\/centrobrasileirointegrado.com.br\/mg\/wp-json\/wp\/v2\/types\/page"}],"author":[{"embeddable":true,"href":"https:\/\/centrobrasileirointegrado.com.br\/mg\/wp-json\/wp\/v2\/users\/1"}],"replies":[{"embeddable":true,"href":"https:\/\/centrobrasileirointegrado.com.br\/mg\/wp-json\/wp\/v2\/comments?post=7865"}],"version-history":[{"count":4,"href":"https:\/\/centrobrasileirointegrado.com.br\/mg\/wp-json\/wp\/v2\/pages\/7865\/revisions"}],"predecessor-version":[{"id":7869,"href":"https:\/\/centrobrasileirointegrado.com.br\/mg\/wp-json\/wp\/v2\/pages\/7865\/revisions\/7869"}],"wp:attachment":[{"href":"https:\/\/centrobrasileirointegrado.com.br\/mg\/wp-json\/wp\/v2\/media?parent=7865"}],"curies":[{"name":"wp","href":"https:\/\/api.w.org\/{rel}","templated":true}]}}